{"id":899,"date":"2025-05-05T10:46:14","date_gmt":"2025-05-05T10:46:14","guid":{"rendered":"https:\/\/foerderverein-marienbasilika-wilhelmshausen.de\/?page_id=899"},"modified":"2025-09-04T09:14:25","modified_gmt":"2025-09-04T09:14:25","slug":"literatur","status":"publish","type":"page","link":"https:\/\/foerderverein-marienbasilika-wilhelmshausen.de\/?page_id=899","title":{"rendered":"Literatur"},"content":{"rendered":"\n<h5 class=\"wp-block-heading\"><strong>Gedruckte Ver\u00f6ffentlichungen (PDF-Dateien)<\/strong><\/h5>\n\n\n\n<h5 class=\"wp-block-heading\"><strong>2025<\/strong><\/h5>\n\n\n\n<p><strong>Marienbasilika Wilhelmshausen.\u00a0<\/strong>In: Informationsbrosch\u00fcre der Gemeinde Fuldatal 2025, S. 21\u201322.\u00a0 <a href=\"https:\/\/foerderverein-marienbasilika-wilhelmshausen.de\/wp-content\/uploads\/2025\/09\/20250819.Informationsbroschuere.Fuldatal.-Stand.April2025_DETAIL.Marienbasilika.etc_.pdf\">Lesen&#8230;<\/a><\/p>\n\n\n\n<h5 class=\"wp-block-heading\"><strong>2020<\/strong><strong><\/strong><\/h5>\n\n\n\n<p><strong>Christa Pfl\u00fcger-Ahlheit: Wo einst Nonnen und M\u00f6nche lebten. Die Marienbasilika \u2013 Stiftskirche des ehemaligen Klosters Wahlshausen. <\/strong>In: Jahrbuch des Landkreises Kassel 2020, hrsg. vom Kreisausschuss des Landkreises Kassel. Eigenverlag. S. 93\u201395  <a href=\"https:\/\/foerderverein-marienbasilika-wilhelmshausen.de\/wp-content\/uploads\/2025\/05\/2020.FMW_Jahrbuch2020.LandkreisKassel_MarienbasilikaWilhelmshausen.kompr_-1.pdf\" target=\"_blank\" rel=\"noreferrer noopener\">Lesen&#8230;<\/a><\/p>\n\n\n\n<h5 class=\"wp-block-heading\"><strong>2015<\/strong><\/h5>\n\n\n\n<p><strong>Dieter Krausbauer: Wilhelmshausen. <\/strong>In: Paul Gei\u00dfend\u00f6rfer (Hrsg.): Kirchen und Kl\u00f6ster der Zisterzienser. Das evangelische Erbe in \u00f6kumenischer Nachbarschaft in Deutschland, \u00d6sterreich und der Schweiz. Lindenberg im Allg\u00e4u: Kunstverlag Josef Fink, 2015, S. 221\u2013223. ISBN 978-3-89870-820-3  <a href=\"https:\/\/foerderverein-marienbasilika-wilhelmshausen.de\/wp-content\/uploads\/2025\/05\/2015.FMW_Geissendoerfer-KirchenKloester.der_.Zistersienser-Marienbasilika.WihaTitel_kompr.pdf\" target=\"_blank\" rel=\"noreferrer noopener\">Lesen&#8230;<\/a><\/p>\n\n\n\n<h5 class=\"wp-block-heading\"><strong>2007<\/strong><\/h5>\n\n\n\n<p><strong>Willi Hesse und Hinrich Bernhard Sch\u00e4fer: Marienbasilika Wilhelmshausen. <\/strong>Brosch\u00fcre des F\u00f6rdervereins Marienbasilika Wilhelmshausen e.V., vertreten durch den Vorsitzenden Dieter Krausbauer. Eigenverlag, 2007. 45 Seiten  <a href=\"https:\/\/foerderverein-marienbasilika-wilhelmshausen.de\/wp-content\/uploads\/2025\/05\/2007.FMW_HesseSchaefer.Marienbasilika.Wilhelmshausen.kompr_.pdf\" target=\"_blank\" rel=\"noreferrer noopener\">Lesen&#8230;<\/a><\/p>\n\n\n\n<h5 class=\"wp-block-heading\"><strong>2004<\/strong><\/h5>\n\n\n\n<p><strong>Klosterkirche Wilhelmshausen. <\/strong>In: Gerhard Jost (Hrsg.): Stille, Licht und Klarheit. Vom Geist der Romanik. Kirchen in Kurhessen-Waldeck. Kassel: Evangelischer Medienverband, 2004, S. 38\u201341. ISBN 3-89477-906-3  <a href=\"https:\/\/foerderverein-marienbasilika-wilhelmshausen.de\/wp-content\/uploads\/2025\/05\/2004.FMW_G.Jost-Kirchen.in_.Kurh_.-Waldeck_Marienbasilika.Wilhelmshausen.kompr_.pdf\" target=\"_blank\" rel=\"noreferrer noopener\">Lesen&#8230;<\/a><\/p>\n\n\n\n<hr class=\"wp-block-separator has-alpha-channel-opacity has-luminous-vivid-orange-to-vivid-red-gradient-background has-background is-style-wide\"\/>\n\n\n\n<h5 class=\"wp-block-heading\"><strong>Ver\u00f6ffentlichungen im Internet und weiterf\u00fchrende Links (z.T. mit PDF-Dateien)<\/strong><\/h5>\n\n\n\n<h5 class=\"wp-block-heading\"><strong>&nbsp;<\/strong><\/h5>\n\n\n\n<h5 class=\"wp-block-heading\"><strong>2025<\/strong><strong><\/strong><\/h5>\n\n\n\n<p><strong>Homepage des Kirchspiels Holzhausen mit den Kirchgemeinden Holzhausen, Wilhelmshausen und Knickhagen. <\/strong>Informationsseite \u00fcber die Marienbasilika Wilhelmshausen:<strong> <\/strong><a href=\"https:\/\/kirche-holzhausen.de\/die-gemeinden\/3-kirchen\/marienbasilika-wilhelmshausen\/\" target=\"_blank\" rel=\"noreferrer noopener\">Lesen&#8230;<\/a><\/p>\n\n\n\n<p><strong>&nbsp;Wikipedia: Kloster Wahlshausen,<\/strong> dessen Marienbasilika noch erhalten ist (zuletzt bearbeitet am 10.10.2024), mit mehreren Literaturnachweisen und weiterf\u00fchrenden Links. Abruf am 2.5.2025: <a href=\"https:\/\/de.wikipedia.org\/w\/index.php?title=Kloster_Wahlshausen&amp;oldformat=true#Marienbasilika\" target=\"_blank\" rel=\"noreferrer noopener\">Lesen&#8230;<\/a><\/p>\n\n\n\n<p><strong>Nordhessischer Verkehrsverbund (NVV): Freizeittipps: Marienbasilika Wilhelmshausen: <\/strong><a href=\"https:\/\/www.nvv.de\/service\/freizeittipps\/detail\/freizeitzieleMap\/Freizeitangebot\/show\/426\" target=\"_blank\" rel=\"noreferrer noopener\">Lesen&#8230;<\/a><\/p>\n\n\n\n<p><strong>Radwegekirche Evangelische Marienbasilika Wilhelmshausen: <\/strong><a href=\"https:\/\/www.radwegekirchen.de\/kirchen\/kx16i7lISYyMQ7SKUQpDoA\/ev-marienbasilika-wilhelmshausen\/\" target=\"_blank\" rel=\"noreferrer noopener\">Lesen&#8230;<\/a><\/p>\n\n\n\n<h5 class=\"wp-block-heading\"><strong>2018<\/strong><\/h5>\n\n\n\n<p><strong>Hessisches Ministerium f\u00fcr Wissenschaft und Forschung, Kunst und Kultur: Denkmal des Monats Dezember 2018 \u2013 Marienbasilika in Fuldatal-Wilhelmshausen: <\/strong><a href=\"https:\/\/wissenschaft.hessen.de\/denkmal-des-monats\/marienbasilika-in-fuldatal-wilhelmshausen\" target=\"_blank\" rel=\"noreferrer noopener\">Lesen&#8230;<\/a><\/p>\n\n\n\n<h5 class=\"wp-block-heading\"><strong>2017<\/strong><\/h5>\n\n\n\n<p><strong>Mediathek Hessen: Die Marienbasilika in Wilhelmshausen<\/strong>. <a href=\"https:\/\/www.mediathek-hessen.de\/medienview_16113_Philipa-Wilhelms-OK-Kassel-Die-Marienbasilika-in-Wilhelmshausen.html\" target=\"_blank\" rel=\"noreferrer noopener\">Ansehen&#8230;<\/a><\/p>\n\n\n\n<h5 class=\"wp-block-heading\"><strong>2008<\/strong><strong><\/strong><\/h5>\n\n\n\n<p><strong>Eco Pfad Kulturgeschichte Knickhagen \u2013 Wilhelmshausen: Marienbasilika Wilhelmshausen: <\/strong><a href=\"https:\/\/eco-pfade.de\/eco-pfad-kulturgeschichte-knickhagen-wilhelmshausen\/die-marienbasilika-von-wilhelmshausen\/\" target=\"_blank\" rel=\"noreferrer noopener\">Lesen&#8230;<\/a><strong> <\/strong>und<strong> <\/strong><a href=\"https:\/\/eco-pfade.de\/fileadmin\/eco_pfad_knickhagen-wilhelmshausen\/Flyer_Eco_Pfad_Knickhagen-Wilhelmshausen.pdf\" target=\"_blank\" rel=\"noreferrer noopener\">Lesen&#8230;<\/a><\/p>\n\n\n\n<hr class=\"wp-block-separator has-alpha-channel-opacity has-luminous-vivid-orange-to-vivid-red-gradient-background has-background is-style-wide\"\/>\n\n\n\n<h5 class=\"wp-block-heading\"><strong>Sonstige Informationen<\/strong><strong><\/strong><\/h5>\n\n\n\n<h5 class=\"wp-block-heading\"><strong>2025 <\/strong><\/h5>\n\n\n\n<p><strong>Wikipedia Artikel &#8222;Kloster Wahlshausen&#8220; <\/strong><a href=\"https:\/\/de.wikipedia.org\/w\/index.php?title=Kloster_Wahlshausen&amp;oldformat=true#Marienbasilika\" target=\"_blank\" rel=\"noreferrer noopener\">Lesen&#8230;<\/a><\/p>\n\n\n\n<h5 class=\"wp-block-heading\"><strong>2017<\/strong><\/h5>\n\n\n\n<p><strong>F\u00f6rderverein Wilhelmshausen e.V.: Evangelische Marienbasilika Wilhelmshausen. Kurzchronik auf einer A4-Seite (PDF).<\/strong>  <a href=\"https:\/\/foerderverein-marienbasilika-wilhelmshausen.de\/wp-content\/uploads\/2025\/05\/20170214.FMW_Kurzchronik.Marienbasilika.A4_B.Gr_.S.pdf\" target=\"_blank\" rel=\"noreferrer noopener\">Lesen&#8230;<\/a><\/p>\n\n\n\n<h5 class=\"wp-block-heading\"><strong>2015<\/strong><\/h5>\n\n\n\n<p><strong>Pr\u00e4sentationsvortrag zur Bewerbung der Marienbasilika um die Auszeichnung als \u201eStiftung des Jahres\u201c am 29.9.2015 in der Hessischen Staatskanzlei. <\/strong>Erstellt von Bernd Millat, Dieter Krausbauer und Bernd Graubner, Stiftung Evangelische Marienbasilika Wilhelmshausen. Modifizierte und aktualisierte Version f\u00fcr die Pr\u00e4sentation am 6.12.2019 von Dieter Krausbauer und Bernd Graubner. 48 Folien (PDF). <a href=\"https:\/\/foerderverein-marienbasilika-wilhelmshausen.de\/wp-content\/uploads\/2025\/05\/20150929b-20191206_Marienbasilika-Wilhelmshausen_PraesentationWiesbadenSimmershausen.kompr_.S.pdf\" target=\"_blank\" rel=\"noreferrer noopener\">Lesen&#8230;<\/a><\/p>\n\n\n\n<hr class=\"wp-block-separator has-alpha-channel-opacity has-luminous-vivid-orange-to-vivid-red-gradient-background has-background is-style-wide\"\/>\n\n\n\n<p><strong>Spenden zur Unterst\u00fctzung unserer Arbeit erbitten wir auf eines unserer beiden Konten. Gern stellen wir Ihnen Spendenbescheinigungen aus.<\/strong><\/p>\n\n\n\n<ul class=\"wp-block-list\">\n<li>Sparkasse G\u00f6ttingen: IBAN DE45&nbsp;2605&nbsp;0001&nbsp;0000&nbsp;0025&nbsp;68<\/li>\n\n\n\n<li>Kasseler Sparkasse: IBAN DE40&nbsp;5205&nbsp;0353&nbsp;0001&nbsp;1962 98<\/li>\n<\/ul>\n\n\n\n<p><\/p>\n\n\n\n<p><\/p>\n","protected":false},"excerpt":{"rendered":"<p>Gedruckte Ver\u00f6ffentlichungen (PDF-Dateien) 2025 Marienbasilika Wilhelmshausen.\u00a0In: Informationsbrosch\u00fcre der Gemeinde Fuldatal 2025, S. 21\u201322.\u00a0 Lesen&#8230; 2020 Christa Pfl\u00fcger-Ahlheit: Wo einst Nonnen und M\u00f6nche lebten. Die Marienbasilika \u2013 Stiftskirche des ehemaligen Klosters Wahlshausen. In: Jahrbuch des Landkreises Kassel 2020, hrsg. vom Kreisausschuss <a class=\"more-link\" href=\"https:\/\/foerderverein-marienbasilika-wilhelmshausen.de\/?page_id=899\">weiterlesen&#8230;<\/a><\/p>\n","protected":false},"author":1,"featured_media":0,"parent":0,"menu_order":0,"comment_status":"closed","ping_status":"closed","template":"","meta":{"pgc_sgb_lightbox_settings":"","footnotes":""},"class_list":["post-899","page","type-page","status-publish","hentry"],"_links":{"self":[{"href":"https:\/\/foerderverein-marienbasilika-wilhelmshausen.de\/index.php?rest_route=\/wp\/v2\/pages\/899","targetHints":{"allow":["GET"]}}],"collection":[{"href":"https:\/\/foerderverein-marienbasilika-wilhelmshausen.de\/index.php?rest_route=\/wp\/v2\/pages"}],"about":[{"href":"https:\/\/foerderverein-marienbasilika-wilhelmshausen.de\/index.php?rest_route=\/wp\/v2\/types\/page"}],"author":[{"embeddable":true,"href":"https:\/\/foerderverein-marienbasilika-wilhelmshausen.de\/index.php?rest_route=\/wp\/v2\/users\/1"}],"replies":[{"embeddable":true,"href":"https:\/\/foerderverein-marienbasilika-wilhelmshausen.de\/index.php?rest_route=%2Fwp%2Fv2%2Fcomments&post=899"}],"version-history":[{"count":15,"href":"https:\/\/foerderverein-marienbasilika-wilhelmshausen.de\/index.php?rest_route=\/wp\/v2\/pages\/899\/revisions"}],"predecessor-version":[{"id":1079,"href":"https:\/\/foerderverein-marienbasilika-wilhelmshausen.de\/index.php?rest_route=\/wp\/v2\/pages\/899\/revisions\/1079"}],"wp:attachment":[{"href":"https:\/\/foerderverein-marienbasilika-wilhelmshausen.de\/index.php?rest_route=%2Fwp%2Fv2%2Fmedia&parent=899"}],"curies":[{"name":"wp","href":"https:\/\/api.w.org\/{rel}","templated":true}]}}