{"id":19,"date":"2024-02-16T19:57:33","date_gmt":"2024-02-16T19:57:33","guid":{"rendered":"https:\/\/foerderverein-marienbasilika-wilhelmshausen.de\/?page_id=19"},"modified":"2025-11-10T11:29:45","modified_gmt":"2025-11-10T11:29:45","slug":"der-verein","status":"publish","type":"page","link":"https:\/\/foerderverein-marienbasilika-wilhelmshausen.de\/?page_id=19","title":{"rendered":"Verein"},"content":{"rendered":"\n<h4 class=\"wp-block-heading\">Aktuelles<\/h4>\n\n\n\n<p>In der <strong>Jahreshauptversammlung am 4. April 2025<\/strong> berichtete der Vorstand \u00fcber die Arbeit des vergangenen Jahres. F\u00fcr die bis dahin unbesetzten Posten des Vorsitzenden und der Schriftf\u00fchrerin fanden Nachwahlen statt. Einzelheiten enth\u00e4lt das Versammlungsprotokoll (siehe unten im 3. Rundbrief 2025 vom 6.6.25).<\/p>\n\n\n\n<p><strong>Der Vorstand des FMW setzt sich seitdem folgenderma\u00dfen zusammen:<\/strong> <a href=\"https:\/\/foerderverein-marienbasilika-wilhelmshausen.de\/wp-content\/uploads\/2025\/06\/20250404b.FMW_Vorstand-BGr.6.6.25.pdf\" target=\"_blank\" rel=\"noreferrer noopener\">(\u00dcbersicht)<\/a><\/p>\n\n\n\n<p>Vorsitzender: <strong>Achim Seeger<\/strong>, Holzh\u00e4user Str. 21, 34233 Fuldatal-Wilhelmshausen,<br>Tel. 0171.2347921, E-Mail AlfSeeger@web.de<\/p>\n\n\n\n<p>Stellvertretender Vorsitzender: N.N. (vakant)<\/p>\n\n\n\n<p>Kassenwartin: <strong>Inge Spors<\/strong><\/p>\n\n\n\n<p>Schriftf\u00fchrerin: <strong>Andrea Henschel<\/strong><\/p>\n\n\n\n<p>Beisitzer: <strong>Stefan Eckhardt<\/strong> und <strong>Dr. Bernd Graubner<\/strong> (Tel. 0171.2771975,<br>E-Mail Bernd.Graubner@gwdg.de)<\/p>\n\n\n\n<p>Beirat: <strong>Karl-Heinz Burckhardt<\/strong> und <strong>Sigrid Grube<\/strong><\/p>\n\n\n\n<p>Alle wohnhaft in Fuldatal-Wilhelmshausen.<\/p>\n\n\n\n<figure class=\"wp-block-image size-large\"><img loading=\"lazy\" decoding=\"async\" width=\"1024\" height=\"715\" src=\"https:\/\/foerderverein-marienbasilika-wilhelmshausen.de\/wp-content\/uploads\/2025\/06\/20250526_192926.S24_Wiha.FMW-Vorstand_4.4.25_FOTO.B.Gr-opt-1024x715.jpg\" alt=\"\" class=\"wp-image-979\" srcset=\"https:\/\/foerderverein-marienbasilika-wilhelmshausen.de\/wp-content\/uploads\/2025\/06\/20250526_192926.S24_Wiha.FMW-Vorstand_4.4.25_FOTO.B.Gr-opt-1024x715.jpg 1024w, https:\/\/foerderverein-marienbasilika-wilhelmshausen.de\/wp-content\/uploads\/2025\/06\/20250526_192926.S24_Wiha.FMW-Vorstand_4.4.25_FOTO.B.Gr-opt-300x209.jpg 300w, https:\/\/foerderverein-marienbasilika-wilhelmshausen.de\/wp-content\/uploads\/2025\/06\/20250526_192926.S24_Wiha.FMW-Vorstand_4.4.25_FOTO.B.Gr-opt-768x536.jpg 768w, https:\/\/foerderverein-marienbasilika-wilhelmshausen.de\/wp-content\/uploads\/2025\/06\/20250526_192926.S24_Wiha.FMW-Vorstand_4.4.25_FOTO.B.Gr-opt-1536x1072.jpg 1536w, https:\/\/foerderverein-marienbasilika-wilhelmshausen.de\/wp-content\/uploads\/2025\/06\/20250526_192926.S24_Wiha.FMW-Vorstand_4.4.25_FOTO.B.Gr-opt-2048x1429.jpg 2048w\" sizes=\"auto, (max-width: 1024px) 100vw, 1024px\" \/><\/figure>\n\n\n\n<p><strong>Vorstand ab 4.4.2025<\/strong><br>v.l.n.r.: Graubner, Spors, Seeger, Eckhardt, Burckhardt, Grube und Henschel<\/p>\n\n\n\n<h4 class=\"wp-block-heading\">R\u00fcckblick<\/h4>\n\n\n\n<p style=\"font-size:16px\">Am 27. Dezember 2021 war unerwartet unser verdienstvoller langj\u00e4hriger Vorsitzender,&nbsp;<strong>Dieter Krausbauer<\/strong>, gestorben. Er war Gr\u00fcndungsmitglied (2002) und stellvertretender Vorsitzender des F\u00f6rdervereins und ab 2006 dann Vorsitzender. &nbsp;Hier finden Sie den in der HNA am 8.1.2022 erschienenen&nbsp;<strong><a href=\"http:\/\/www.kirche-holzhausen.de\/wp-content\/uploads\/2022\/01\/20220108.HNA_NachrufDieterKrausbauer_Hessische-Allgemeine-Kassel-Nord-08.01.202211-Detail.pdf\" target=\"_blank\" rel=\"noreferrer noopener\">Nachruf<\/a>&nbsp;<\/strong>und die&nbsp;<strong><a href=\"http:\/\/www.kirche-holzhausen.de\/wp-content\/uploads\/2022\/04\/20220127-0409.Dokumentation.TrauergottesdienstDieterKrausbauer.kompr_.pdf\" target=\"_blank\" rel=\"noreferrer noopener\">Dokumentation<\/a>&nbsp;des Trauergottesdienstes<\/strong> am 7.1.2022 in der Marienbasilika nebst weiteren Dokumenten.<\/p>\n\n\n\n<p style=\"font-size:16px\"><strong>Am 2. Juli 2022 hatte der F\u00f6rderverein einen neuen Vorstand gew\u00e4hlt:<\/strong>&nbsp;Dr. Bernd Graubner (Vorsitzender), Achim Seeger (stellv. Vorsitzender), Arno Sch\u00fctz (Kassenwart), Gisela Clauer (Schriftf\u00fchrerin), Karl-Georg Sch\u00e4fer (Beisitzer) und Helge Sch\u00fctz (Beisitzer). Danach wurden nach und nach vier Beiratsmitglieder in den erweiterten Vorstand berufen: Inge Spors, Stefan Eckhardt, Karl-Heinz Burckhardt und Sigrid Grube.<\/p>\n\n\n\n<p style=\"font-size:16px\"><strong>Auf der Jahreshauptversammlung am 2. Juni 2023 erfolgte die turnusgem\u00e4\u00dfe Neuwahl des Vorstandes<\/strong>, dem seitdem angeh\u00f6ren: Dr. Bernd Graubner (Vorsitzender), Achim Seeger (stellv. Vorsitzender), Inge Spors (Kassenwart), Dr. Klaus Heinrich Neuhoff (Schriftf\u00fchrer), Stefan Eckhardt (Beisitzer) sowie die Beiratsmitglieder Karl-Heinz Burckhardt und Sigrid Grube (<a href=\"https:\/\/foerderverein-marienbasilika-wilhelmshausen.de\/wp-content\/uploads\/2024\/07\/20230602.FMW_JHV.Protokoll_230613-2.pdf\">Protokoll<\/a>) .<\/p>\n\n\n\n<figure class=\"wp-block-image size-full\"><img loading=\"lazy\" decoding=\"async\" width=\"800\" height=\"493\" src=\"https:\/\/foerderverein-marienbasilika-wilhelmshausen.de\/wp-content\/uploads\/2024\/02\/picture-800.jpg\" alt=\"Vorstand F\u00f6rderverein Marienbasilika\" class=\"wp-image-116\" srcset=\"https:\/\/foerderverein-marienbasilika-wilhelmshausen.de\/wp-content\/uploads\/2024\/02\/picture-800.jpg 800w, https:\/\/foerderverein-marienbasilika-wilhelmshausen.de\/wp-content\/uploads\/2024\/02\/picture-800-300x185.jpg 300w, https:\/\/foerderverein-marienbasilika-wilhelmshausen.de\/wp-content\/uploads\/2024\/02\/picture-800-768x473.jpg 768w\" sizes=\"auto, (max-width: 800px) 100vw, 800px\" \/><\/figure>\n\n\n\n<p>Vorstand ab 02.06.2023 <br>v.l.n.r.: Graubner, Seeger, Spors, Neuhoff, Grube, Burckhardt und Eckhardt<\/p>\n\n\n\n<p style=\"font-size:16px\"><strong>Auf der Jahreshauptversammlung am 5. Januar 2024 trat unser Vorsitzender aus Altersgr\u00fcnden, wie schon letztes Jahr angek\u00fcndigt, zur\u00fcck.<\/strong> Er wurde danach zum Beisitzer gew\u00e4hlt. Der F\u00f6rderverein wird seitdem amtierend von seinem Stellvertreter Achim Seeger geleitet.<strong>Vorstand seit 5.1.2024:<\/strong> Achim Seeger (stellv. [= amtierender] Vorsitzender), Inge Spors (Kassenwartin), Dr. Klaus Heinrich Neuhoff (Schriftf\u00fchrer), Stefan Eckhardt und Dr. Bernd Graubner (Beisitzer) sowie die Beiratsmitglieder Karl-Heinz Burckhardt und Sigrid Grube.<br><br>Gem\u00e4\u00df seiner Ank\u00fcndigung am 5.1.2024 schied zum 31.7.2024 der Schriftf\u00fchrer Dr. Klaus Heinrich Neuhoff aus dem Vorstand aus. Der Vorstand berief am 5.8.2024 Andrea Henschel in den Beirat und \u00fcbertrug ihr bis zur n\u00e4chsten Jahreshauptversammlung kommissarisch das Amt der Schriftf\u00fchrerin.<\/p>\n\n\n\n<figure class=\"wp-block-image size-large\"><img loading=\"lazy\" decoding=\"async\" width=\"1024\" height=\"682\" src=\"https:\/\/foerderverein-marienbasilika-wilhelmshausen.de\/wp-content\/uploads\/2024\/02\/2013_11_15_9_8tx-1024x682.jpg\" alt=\"Innenansicht Marienbasilika Wilhelmshausen\" class=\"wp-image-122\" srcset=\"https:\/\/foerderverein-marienbasilika-wilhelmshausen.de\/wp-content\/uploads\/2024\/02\/2013_11_15_9_8tx-1024x682.jpg 1024w, https:\/\/foerderverein-marienbasilika-wilhelmshausen.de\/wp-content\/uploads\/2024\/02\/2013_11_15_9_8tx-300x200.jpg 300w, https:\/\/foerderverein-marienbasilika-wilhelmshausen.de\/wp-content\/uploads\/2024\/02\/2013_11_15_9_8tx-768x511.jpg 768w, https:\/\/foerderverein-marienbasilika-wilhelmshausen.de\/wp-content\/uploads\/2024\/02\/2013_11_15_9_8tx-1536x1023.jpg 1536w, https:\/\/foerderverein-marienbasilika-wilhelmshausen.de\/wp-content\/uploads\/2024\/02\/2013_11_15_9_8tx-2048x1364.jpg 2048w\" sizes=\"auto, (max-width: 1024px) 100vw, 1024px\" \/><\/figure>\n\n\n\n<p style=\"font-size:16px\">Innenansicht<\/p>\n\n\n\n<p><strong>Ausgew\u00e4hlte Zeitungsberichte \u00fcber die Vereinsarbeit<\/strong><\/p>\n\n\n\n<div class=\"wp-block-media-text is-stacked-on-mobile\" style=\"grid-template-columns:16% auto\"><figure class=\"wp-block-media-text__media\"><img loading=\"lazy\" decoding=\"async\" width=\"108\" height=\"48\" src=\"https:\/\/foerderverein-marienbasilika-wilhelmshausen.de\/wp-content\/uploads\/2024\/07\/mime5_pdf.png\" alt=\"\" class=\"wp-image-329 size-full\"\/><\/figure><div class=\"wp-block-media-text__content\">\n<ul class=\"wp-block-list\">\n<li><a href=\"https:\/\/foerderverein-marienbasilika-wilhelmshausen.de\/wp-content\/uploads\/2024\/09\/20240117.HNA_FMW.B.Graubner-DETAIL2_000_HNA_KLS_2024-01-17_012-1.pdf\">Bericht HNA vom 17.01.2024<\/a><\/li>\n\n\n\n<li><a href=\"https:\/\/foerderverein-marienbasilika-wilhelmshausen.de\/wp-content\/uploads\/2024\/09\/001_HNA_KLN_2012-03-24_010-1.pdf\">Bericht HNA vom 24 .03.2012<\/a><\/li>\n<\/ul>\n<\/div><\/div>\n\n\n\n<p><strong>Mitglieder-Rundbriefe von November 2022 bis Ende 2023<\/strong><\/p>\n\n\n\n<p>In diesem Zeitraum wurden unterschiedliche Rundbriefe an Mitglieder und Interessierte verschickt.<\/p>\n\n\n\n<div class=\"wp-block-media-text is-stacked-on-mobile\" style=\"grid-template-columns:16% auto\"><figure class=\"wp-block-media-text__media\"><img loading=\"lazy\" decoding=\"async\" width=\"108\" height=\"48\" src=\"https:\/\/foerderverein-marienbasilika-wilhelmshausen.de\/wp-content\/uploads\/2024\/12\/image.png\" alt=\"\" class=\"wp-image-646 size-full\"\/><\/figure><div class=\"wp-block-media-text__content\">\n<ul class=\"wp-block-list\">\n<li><a href=\"https:\/\/foerderverein-marienbasilika-wilhelmshausen.de\/wp-content\/uploads\/2024\/12\/2022112425.FMW-Mitglieder-Rundbrief.mit_.2.Anlagen.kompr_.pdf\" data-type=\"link\" data-id=\"https:\/\/foerderverein-marienbasilika-wilhelmshausen.de\/wp-content\/uploads\/2024\/12\/2022112425.FMW-Mitglieder-Rundbrief.mit_.2.Anlagen.kompr_.pdf\" target=\"_blank\" rel=\"noreferrer noopener\">20221124+25.FMW-Mitglieder-Rundbrief.mit.Anlagen<\/a><\/li>\n\n\n\n<li><a href=\"https:\/\/foerderverein-marienbasilika-wilhelmshausen.de\/wp-content\/uploads\/2024\/12\/20230510.FMW-Mitglieder-Rundbrief.mit_.2.Anlagen.kompr_.pdf\" data-type=\"link\" data-id=\"https:\/\/foerderverein-marienbasilika-wilhelmshausen.de\/wp-content\/uploads\/2024\/12\/20230510.FMW-Mitglieder-Rundbrief.mit_.2.Anlagen.kompr_.pdf\" target=\"_blank\" rel=\"noreferrer noopener\">20230510.FMW-Mitglieder-Rundbrief.mit.Anlagen<\/a><\/li>\n\n\n\n<li><a href=\"https:\/\/foerderverein-marienbasilika-wilhelmshausen.de\/wp-content\/uploads\/2024\/12\/20230619.FMW-Mitglieder-Rundbrief.mit_.4.Anlagen-inkl.JHV-Prot.kompr_.pdf\" data-type=\"link\" data-id=\"https:\/\/foerderverein-marienbasilika-wilhelmshausen.de\/wp-content\/uploads\/2024\/12\/20230619.FMW-Mitglieder-Rundbrief.mit_.4.Anlagen-inkl.JHV-Prot.kompr_.pdf\" target=\"_blank\" rel=\"noreferrer noopener\">20230619.FMW-Mitglieder-Rundbrief.mit.Anlagen-inkl.JHV-Prot.<\/a><\/li>\n\n\n\n<li><a href=\"https:\/\/foerderverein-marienbasilika-wilhelmshausen.de\/wp-content\/uploads\/2024\/12\/20230730.FMW-Mitglieder-Rundbrief.mit_.4.Anlagen.kompr_.pdf\" data-type=\"link\" data-id=\"https:\/\/foerderverein-marienbasilika-wilhelmshausen.de\/wp-content\/uploads\/2024\/12\/20230730.FMW-Mitglieder-Rundbrief.mit_.4.Anlagen.kompr_.pdf\" target=\"_blank\" rel=\"noreferrer noopener\">20230730.FMW-Mitglieder-Rundbrief.mit.Anlagen<\/a><\/li>\n\n\n\n<li><a href=\"https:\/\/foerderverein-marienbasilika-wilhelmshausen.de\/wp-content\/uploads\/2024\/12\/20230903.FMW-Mitglieder-Rundbrief.mit_.4.Anlagen.kompr_.pdf\" data-type=\"link\" data-id=\"https:\/\/foerderverein-marienbasilika-wilhelmshausen.de\/wp-content\/uploads\/2024\/12\/20230903.FMW-Mitglieder-Rundbrief.mit_.4.Anlagen.kompr_.pdf\" target=\"_blank\" rel=\"noreferrer noopener\">20230903.FMW-Mitglieder-Rundbrief.mit.Anlagen<\/a><\/li>\n\n\n\n<li><a href=\"https:\/\/foerderverein-marienbasilika-wilhelmshausen.de\/wp-content\/uploads\/2024\/12\/20231009.FMW-Mitglieder-Rundbrief.mit_.6.Anlagen.kompr_.pdf\" data-type=\"link\" data-id=\"https:\/\/foerderverein-marienbasilika-wilhelmshausen.de\/wp-content\/uploads\/2024\/12\/20231009.FMW-Mitglieder-Rundbrief.mit_.6.Anlagen.kompr_.pdf\" target=\"_blank\" rel=\"noreferrer noopener\">20231009.FMW-Mitglieder-Rundbrief.mit.Anlagen<\/a><\/li>\n\n\n\n<li><a href=\"https:\/\/foerderverein-marienbasilika-wilhelmshausen.de\/wp-content\/uploads\/2024\/12\/20231120.FMW-Mitglieder-Rundbrief.mit_.5.Anlagen.kompr_.pdf\" data-type=\"link\" data-id=\"https:\/\/foerderverein-marienbasilika-wilhelmshausen.de\/wp-content\/uploads\/2024\/12\/20231120.FMW-Mitglieder-Rundbrief.mit_.5.Anlagen.kompr_.pdf\" target=\"_blank\" rel=\"noreferrer noopener\">20231120.FMW-Mitglieder-Rundbrief.mit.Anlagen<\/a><\/li>\n\n\n\n<li><a href=\"https:\/\/foerderverein-marienbasilika-wilhelmshausen.de\/wp-content\/uploads\/2024\/12\/20231228.FMW-Mitglieder-Rundbrief.mit_.4.Anlagen.kompr_.pdf\" data-type=\"link\" data-id=\"https:\/\/foerderverein-marienbasilika-wilhelmshausen.de\/wp-content\/uploads\/2024\/12\/20231228.FMW-Mitglieder-Rundbrief.mit_.4.Anlagen.kompr_.pdf\" target=\"_blank\" rel=\"noreferrer noopener\">20231228.FMW-Mitglieder-Rundbrief.mit.Anlagen<\/a><\/li>\n<\/ul>\n<\/div><\/div>\n\n\n\n<p><strong>Rundbriefe 2024<\/strong><\/p>\n\n\n\n<p>Ab 2024 gibt es einheitliche Rundbriefe f\u00fcr Mitglieder und Interessierte.<\/p>\n\n\n\n<div class=\"wp-block-media-text is-stacked-on-mobile\" style=\"grid-template-columns:16% auto\"><figure class=\"wp-block-media-text__media\"><img loading=\"lazy\" decoding=\"async\" width=\"108\" height=\"48\" src=\"https:\/\/foerderverein-marienbasilika-wilhelmshausen.de\/wp-content\/uploads\/2024\/12\/image.png\" alt=\"\" class=\"wp-image-646 size-full\"\/><\/figure><div class=\"wp-block-media-text__content\">\n<ul class=\"wp-block-list\">\n<li><a href=\"https:\/\/foerderverein-marienbasilika-wilhelmshausen.de\/wp-content\/uploads\/2024\/12\/20240318.FMW_Rundbrief.mit_.9.Anlagen-inkl.JHV-Protokoll.kompr_.pdf\" target=\"_blank\" rel=\"noreferrer noopener\">20240318.FMW_Rundbrief.mit Anlagen inkl.JHV-Protokoll<\/a><\/li>\n\n\n\n<li><a href=\"https:\/\/foerderverein-marienbasilika-wilhelmshausen.de\/wp-content\/uploads\/2024\/12\/20240330.FMW_Rundbrief.mit_.2.Anlagen.kompr_.pdf\" data-type=\"link\" data-id=\"https:\/\/foerderverein-marienbasilika-wilhelmshausen.de\/wp-content\/uploads\/2024\/12\/20240330.FMW_Rundbrief.mit_.2.Anlagen.kompr_.pdf\" target=\"_blank\" rel=\"noreferrer noopener\">20240330.FMW_Rundbrief.mit.Anlagen<\/a><\/li>\n\n\n\n<li><a href=\"https:\/\/foerderverein-marienbasilika-wilhelmshausen.de\/wp-content\/uploads\/2024\/12\/20240517.FMW_Rundbrief.mit_.3.Anlagen.kompr_.pdf\" data-type=\"link\" data-id=\"https:\/\/foerderverein-marienbasilika-wilhelmshausen.de\/wp-content\/uploads\/2024\/12\/20240517.FMW_Rundbrief.mit_.3.Anlagen.kompr_.pdf\" target=\"_blank\" rel=\"noreferrer noopener\">20240517.FMW_Rundbrief.mit.Anlagen<\/a><\/li>\n\n\n\n<li><a href=\"https:\/\/foerderverein-marienbasilika-wilhelmshausen.de\/wp-content\/uploads\/2024\/12\/20240606.FMW_Rundbrief.mit_.5.Anlagen.kompr_.pdf\" data-type=\"link\" data-id=\"https:\/\/foerderverein-marienbasilika-wilhelmshausen.de\/wp-content\/uploads\/2024\/12\/20240606.FMW_Rundbrief.mit_.5.Anlagen.kompr_.pdf\" target=\"_blank\" rel=\"noreferrer noopener\">20240606.FMW_Rundbrief.mit.Anlagen<\/a><\/li>\n\n\n\n<li><a href=\"https:\/\/foerderverein-marienbasilika-wilhelmshausen.de\/wp-content\/uploads\/2024\/12\/20240831.FMW_5.Rundbrief.mit_.3.Anlagen.kompr_.pdf\" data-type=\"link\" data-id=\"https:\/\/foerderverein-marienbasilika-wilhelmshausen.de\/wp-content\/uploads\/2024\/12\/20240831.FMW_5.Rundbrief.mit_.3.Anlagen.kompr_.pdf\" target=\"_blank\" rel=\"noreferrer noopener\">20240831.FMW_5.Rundbrief.mit.Anlagen<\/a><\/li>\n\n\n\n<li><a href=\"https:\/\/foerderverein-marienbasilika-wilhelmshausen.de\/wp-content\/uploads\/2024\/12\/20241018.FMW_6.Rundbrief.mit_.4.Anlagen.kompr_.pdf\" data-type=\"link\" data-id=\"https:\/\/foerderverein-marienbasilika-wilhelmshausen.de\/wp-content\/uploads\/2024\/12\/20241018.FMW_6.Rundbrief.mit_.4.Anlagen.kompr_.pdf\" target=\"_blank\" rel=\"noreferrer noopener\">20241018.FMW_6.Rundbrief.mit.Anlagen<\/a><\/li>\n\n\n\n<li><a href=\"https:\/\/foerderverein-marienbasilika-wilhelmshausen.de\/wp-content\/uploads\/2025\/04\/20241223.FMW-7.Rundbrief.mit_.Anlage.pdf\" target=\"_blank\" rel=\"noreferrer noopener\">20241223.FMW_7.Rundbrief. mit.Anlage<\/a><\/li>\n<\/ul>\n<\/div><\/div>\n\n\n\n<p><strong>Rundbriefe 2025<\/strong><\/p>\n\n\n\n<div class=\"wp-block-media-text is-stacked-on-mobile\" style=\"grid-template-columns:16% auto\"><figure class=\"wp-block-media-text__media\"><img loading=\"lazy\" decoding=\"async\" width=\"108\" height=\"48\" src=\"https:\/\/foerderverein-marienbasilika-wilhelmshausen.de\/wp-content\/uploads\/2024\/12\/image.png\" alt=\"\" class=\"wp-image-646 size-full\"\/><\/figure><div class=\"wp-block-media-text__content\">\n<ul class=\"wp-block-list\">\n<li><a href=\"https:\/\/foerderverein-marienbasilika-wilhelmshausen.de\/wp-content\/uploads\/2025\/04\/20250318.FMW_1.Rundbrief.2025-ohne.Anlage.pdf\" target=\"_blank\" rel=\"noreferrer noopener\">20250318.FMW_1.Rundbrief.mit.Anlage<\/a><\/li>\n\n\n\n<li><a href=\"https:\/\/foerderverein-marienbasilika-wilhelmshausen.de\/wp-content\/uploads\/2025\/06\/20250505.FMW_2.Rundbrief.2025_mit.Anlage.pdf\" target=\"_blank\" rel=\"noreferrer noopener\">20250505.FMW_2.Rundbrief.mit.Anlage<\/a><\/li>\n\n\n\n<li><a href=\"https:\/\/foerderverein-marienbasilika-wilhelmshausen.de\/wp-content\/uploads\/2025\/06\/20250606.FMW_3.Rundbrief.2025.mitAnlage.pdf\" target=\"_blank\" rel=\"noreferrer noopener\">20250606.FMW_3.Rundbrief.mit.Anlage<\/a><\/li>\n\n\n\n<li><a href=\"https:\/\/foerderverein-marienbasilika-wilhelmshausen.de\/wp-content\/uploads\/2025\/11\/20250909a.FMW_4.Rundbrief.2025.mit_.Anlagen.pdf\" target=\"_blank\" rel=\"noreferrer noopener\">20250909.FMW_4.Rundbrief.2025.mit.Anlagen<\/a><\/li>\n<\/ul>\n<\/div><\/div>\n\n\n\n<h6 class=\"wp-block-heading\"><strong>Spenden zur Unterst\u00fctzung unserer Arbeit erbitten wir auf eins unserer beiden Konten. Gern stellen wir Ihnen Spendenbescheinigungen aus.<\/strong><\/h6>\n\n\n\n<ul class=\"wp-block-list\">\n<li>Sparkasse G\u00f6ttingen: IBAN DE45&nbsp;2605&nbsp;0001&nbsp;0000&nbsp;0025&nbsp;68<\/li>\n\n\n\n<li>Kasseler Sparkasse: IBAN DE40&nbsp;5205&nbsp;0353&nbsp;0001&nbsp;1962 98<\/li>\n<\/ul>\n\n\n\n<p><\/p>\n","protected":false},"excerpt":{"rendered":"<p>Aktuelles In der Jahreshauptversammlung am 4. April 2025 berichtete der Vorstand \u00fcber die Arbeit des vergangenen Jahres. F\u00fcr die bis dahin unbesetzten Posten des Vorsitzenden und der Schriftf\u00fchrerin fanden Nachwahlen statt. Einzelheiten enth\u00e4lt das Versammlungsprotokoll (siehe unten im 3. Rundbrief <a class=\"more-link\" href=\"https:\/\/foerderverein-marienbasilika-wilhelmshausen.de\/?page_id=19\">weiterlesen&#8230;<\/a><\/p>\n","protected":false},"author":1,"featured_media":432,"parent":0,"menu_order":0,"comment_status":"closed","ping_status":"closed","template":"","meta":{"pgc_sgb_lightbox_settings":"","footnotes":""},"class_list":["post-19","page","type-page","status-publish","has-post-thumbnail","hentry"],"_links":{"self":[{"href":"https:\/\/foerderverein-marienbasilika-wilhelmshausen.de\/index.php?rest_route=\/wp\/v2\/pages\/19","targetHints":{"allow":["GET"]}}],"collection":[{"href":"https:\/\/foerderverein-marienbasilika-wilhelmshausen.de\/index.php?rest_route=\/wp\/v2\/pages"}],"about":[{"href":"https:\/\/foerderverein-marienbasilika-wilhelmshausen.de\/index.php?rest_route=\/wp\/v2\/types\/page"}],"author":[{"embeddable":true,"href":"https:\/\/foerderverein-marienbasilika-wilhelmshausen.de\/index.php?rest_route=\/wp\/v2\/users\/1"}],"replies":[{"embeddable":true,"href":"https:\/\/foerderverein-marienbasilika-wilhelmshausen.de\/index.php?rest_route=%2Fwp%2Fv2%2Fcomments&post=19"}],"version-history":[{"count":66,"href":"https:\/\/foerderverein-marienbasilika-wilhelmshausen.de\/index.php?rest_route=\/wp\/v2\/pages\/19\/revisions"}],"predecessor-version":[{"id":1127,"href":"https:\/\/foerderverein-marienbasilika-wilhelmshausen.de\/index.php?rest_route=\/wp\/v2\/pages\/19\/revisions\/1127"}],"wp:featuredmedia":[{"embeddable":true,"href":"https:\/\/foerderverein-marienbasilika-wilhelmshausen.de\/index.php?rest_route=\/wp\/v2\/media\/432"}],"wp:attachment":[{"href":"https:\/\/foerderverein-marienbasilika-wilhelmshausen.de\/index.php?rest_route=%2Fwp%2Fv2%2Fmedia&parent=19"}],"curies":[{"name":"wp","href":"https:\/\/api.w.org\/{rel}","templated":true}]}}