{"id":142,"date":"2024-02-18T16:20:52","date_gmt":"2024-02-18T16:20:52","guid":{"rendered":"https:\/\/foerderverein-marienbasilika-wilhelmshausen.de\/?page_id=142"},"modified":"2025-08-19T15:24:08","modified_gmt":"2025-08-19T15:24:08","slug":"aktuelles","status":"publish","type":"page","link":"https:\/\/foerderverein-marienbasilika-wilhelmshausen.de\/?page_id=142","title":{"rendered":"Aufnahmeantrag"},"content":{"rendered":"\n<p>Hier k\u00f6nnen Sie sich den Aufnahmeantrag f\u00fcr den F\u00f6rderverein herunterladen und sich ausdrucken.<\/p>\n\n\n\n<div class=\"wp-block-media-text is-stacked-on-mobile\" style=\"grid-template-columns:15% auto\"><figure class=\"wp-block-media-text__media\"><img loading=\"lazy\" decoding=\"async\" width=\"108\" height=\"48\" src=\"https:\/\/foerderverein-marienbasilika-wilhelmshausen.de\/wp-content\/uploads\/2024\/07\/mime5_pdf.png\" alt=\"\" class=\"wp-image-329 size-full\"\/><\/figure><div class=\"wp-block-media-text__content\">\n<p><\/p>\n\n\n\n<ul class=\"wp-block-list\">\n<li><strong><a href=\"https:\/\/foerderverein-marienbasilika-wilhelmshausen.de\/wp-content\/uploads\/2025\/06\/20250606.FMW_Aufnahmeantrag_BGr.6.6.25.kompr_.pdf\" target=\"_blank\" rel=\"noreferrer noopener\">Aufnahmeantrag<\/a><\/strong><\/li>\n\n\n\n<li><strong><a href=\"https:\/\/foerderverein-marienbasilika-wilhelmshausen.de\/wp-content\/uploads\/2024\/07\/20230602a.FMW_Satzung2023-1.pdf\">Satzung<\/a><\/strong> <\/li>\n<\/ul>\n<\/div><\/div>\n\n\n\n<p>Schicken Sie bitte den ausgef\u00fcllten Antrag an den Vorsitzenden:<\/p>\n\n\n\n<p>Achim Seeger<br>Holzh\u00e4user Str. 21<br>34233 Fuldatal-Wilhelmshausen<br>Telefon: 0171.2347921<br><br>E-Mail: <a href=\"mailto:AlfSeeger@web.de\">AlfSeeger@web.de<\/a><\/p>\n\n\n\n<h6 class=\"wp-block-heading\"><strong>Spenden zur Unterst\u00fctzung unserer Arbeit erbitten wir auf eins unserer beiden Konten. Gern stellen wir Ihnen Spendenbescheinigungen aus.<\/strong><\/h6>\n\n\n\n<ul class=\"wp-block-list\">\n<li>Sparkasse G\u00f6ttingen: IBAN DE45&nbsp;2605&nbsp;0001&nbsp;0000&nbsp;0025&nbsp;68<\/li>\n\n\n\n<li>Kasseler Sparkasse: IBAN DE40&nbsp;5205&nbsp;0353&nbsp;0001&nbsp;1962 98<\/li>\n<\/ul>\n","protected":false},"excerpt":{"rendered":"<p>Hier k\u00f6nnen Sie sich den Aufnahmeantrag f\u00fcr den F\u00f6rderverein herunterladen und sich ausdrucken. Schicken Sie bitte den ausgef\u00fcllten Antrag an den Vorsitzenden: Achim SeegerHolzh\u00e4user Str. 2134233 Fuldatal-WilhelmshausenTelefon: 0171.2347921 E-Mail: AlfSeeger@web.de Spenden zur Unterst\u00fctzung unserer Arbeit erbitten wir auf eins unserer <a class=\"more-link\" href=\"https:\/\/foerderverein-marienbasilika-wilhelmshausen.de\/?page_id=142\">weiterlesen&#8230;<\/a><\/p>\n","protected":false},"author":1,"featured_media":431,"parent":0,"menu_order":0,"comment_status":"closed","ping_status":"closed","template":"","meta":{"pgc_sgb_lightbox_settings":"","footnotes":""},"class_list":["post-142","page","type-page","status-publish","has-post-thumbnail","hentry"],"_links":{"self":[{"href":"https:\/\/foerderverein-marienbasilika-wilhelmshausen.de\/index.php?rest_route=\/wp\/v2\/pages\/142","targetHints":{"allow":["GET"]}}],"collection":[{"href":"https:\/\/foerderverein-marienbasilika-wilhelmshausen.de\/index.php?rest_route=\/wp\/v2\/pages"}],"about":[{"href":"https:\/\/foerderverein-marienbasilika-wilhelmshausen.de\/index.php?rest_route=\/wp\/v2\/types\/page"}],"author":[{"embeddable":true,"href":"https:\/\/foerderverein-marienbasilika-wilhelmshausen.de\/index.php?rest_route=\/wp\/v2\/users\/1"}],"replies":[{"embeddable":true,"href":"https:\/\/foerderverein-marienbasilika-wilhelmshausen.de\/index.php?rest_route=%2Fwp%2Fv2%2Fcomments&post=142"}],"version-history":[{"count":9,"href":"https:\/\/foerderverein-marienbasilika-wilhelmshausen.de\/index.php?rest_route=\/wp\/v2\/pages\/142\/revisions"}],"predecessor-version":[{"id":1050,"href":"https:\/\/foerderverein-marienbasilika-wilhelmshausen.de\/index.php?rest_route=\/wp\/v2\/pages\/142\/revisions\/1050"}],"wp:featuredmedia":[{"embeddable":true,"href":"https:\/\/foerderverein-marienbasilika-wilhelmshausen.de\/index.php?rest_route=\/wp\/v2\/media\/431"}],"wp:attachment":[{"href":"https:\/\/foerderverein-marienbasilika-wilhelmshausen.de\/index.php?rest_route=%2Fwp%2Fv2%2Fmedia&parent=142"}],"curies":[{"name":"wp","href":"https:\/\/api.w.org\/{rel}","templated":true}]}}