{"id":100,"date":"2024-02-18T14:31:47","date_gmt":"2024-02-18T14:31:47","guid":{"rendered":"https:\/\/foerderverein-marienbasilika-wilhelmshausen.de\/?page_id=100"},"modified":"2026-04-29T09:53:58","modified_gmt":"2026-04-29T09:53:58","slug":"marienbasilika","status":"publish","type":"page","link":"https:\/\/foerderverein-marienbasilika-wilhelmshausen.de\/","title":{"rendered":"Marienbasilika Wilhelmshausen"},"content":{"rendered":"\n<div class=\"wp-block-group\"><div class=\"wp-block-group__inner-container is-layout-constrained wp-block-group-is-layout-constrained\">\n<p>Wir als F\u00f6rderverein Marienbasilika Wilhelmshausen (FMW) veranstalten <a href=\"#Konzerte\">Konzerte<\/a> und F\u00fchrungen in der 1150 erbauten ehemaligen Klosterkirche. Das jetzige Kirchengeb\u00e4ude ist das Ergebnis der umfassenden und stilgerechten Wiederherstellung nach dem Brand von 1891. Die letzte grundlegende Renovierung fand 2002 bis 2007 statt (siehe&nbsp;<strong><a href=\"https:\/\/foerderverein-marienbasilika-wilhelmshausen.de\/wp-content\/uploads\/2024\/07\/170214_Kurzchronik.Marienbasilika.A4_B.Gr_.S.pdf\" target=\"_blank\" rel=\"noreferrer noopener\">Kurzchronik<\/a><\/strong>&nbsp;der Marienbasilika).&nbsp;&nbsp;&nbsp;<\/p>\n\n\n\n<p>Die Marienbasilika steht hinter dem neuen <strong>Parkplatz<\/strong> (mit WC) an der B3 in der M\u00fcndener Stra\u00dfe in 34233 Fuldatal-Wilhelmshausen. Dort befindet sich auch die <strong>Bushaltestelle der Linie 42 von Kassel, Ihringsh\u00e4user Stra\u00dfe, nach Hann. M\u00fcnden. <\/strong>Von dort ist ihr Haupteingang an der Holzh\u00e4user Str. 4 erreichbar. Sie ist das ganze Jahr <strong>t\u00e4glich von 10 bis 17 Uhr ge\u00f6ffnet <\/strong>und auch als <strong>\u201eRadfahrerkirche\u201c<\/strong> <a href=\"https:\/\/www.radwegekirchen.de\/kirchen\/kx16i7lISYyMQ7SKUQpDoA\/ev-marienbasilika-wilhelmshausen\/\" target=\"_blank\" rel=\"noreferrer noopener\">(Anfahrt)<\/a> anerkannt. Bei Veranstaltungen steht zus\u00e4tzlich ein Parkplatz gegen\u00fcber der Kirche in der Holzh\u00e4user Stra\u00dfe zur Verf\u00fcgung.<\/p>\n\n\n\n<p><strong>Auf der Jahreshauptversammlung 2026 am Freitag, dem 10. April 2026, wurde mit der Wahl von Martina Holzbrecher der Posten der stellvertretenden Vorsitzenden wieder besetzt.<\/strong><br><strong>Der Vorstand des FMW besteht jetzt aus den folgenden Wilhelmsh\u00e4user Personen:<\/strong><\/p>\n\n\n\n<ul class=\"wp-block-list\">\n<li>Vorsitzender: <strong>Achim Seeger<\/strong><\/li>\n\n\n\n<li>Stellvertretende Vorsitzende: <strong>Martina Holzbrecher<\/strong><\/li>\n\n\n\n<li>Kassenwartin: <strong>Inge Spors<\/strong><\/li>\n\n\n\n<li>Schriftf\u00fchrerin: <strong>Andrea Henschel<\/strong><\/li>\n\n\n\n<li>Beisitzer: <strong>Stefanie Bandt<\/strong> und <strong>Dr. Bernd Graubner<\/strong><\/li>\n\n\n\n<li>Beirat: <strong>Karl-Heinz Burckhardt<\/strong>, <strong>Stefan Eckhardt, Sigrid Grube<\/strong>, <strong>Kristina H\u00e4necke<\/strong> und <strong>Iris Kohlmeyer<\/strong><\/li>\n<\/ul>\n\n\n\n<p>Weitere Informationen auf der Seite <a href=\"https:\/\/foerderverein-marienbasilika-wilhelmshausen.de\/?page_id=19\">VEREIN<\/a>.<\/p>\n\n\n\n<hr class=\"wp-block-separator has-alpha-channel-opacity has-luminous-vivid-orange-to-vivid-red-gradient-background has-background is-style-wide\"\/>\n\n\n\n<p id=\"Konzerte\">Wir laden alle Interessierten zu den folgenden Veranstaltungen in unsere eindrucksvolle fast 875 Jahre alte Marienbasilika herzlich ein:<\/p>\n\n\n\n<h4 class=\"wp-block-heading\"><strong>Konzert\u00fcberblick 2026<\/strong><\/h4>\n\n\n\n<h5 class=\"wp-block-heading\"><strong>Sonntag, 15. M\u00e4rz 2026, 17:00 Uhr<br>Vokalensemble \u201edodecanta\u201c: \u201ebeziehungsweise(n)\u201c<\/strong><\/h5>\n\n\n\n<p><a href=\"#dode\">mehr dazu<\/a><\/p>\n\n\n\n<hr class=\"wp-block-separator has-alpha-channel-opacity has-luminous-vivid-orange-to-vivid-red-gradient-background has-background is-style-wide\"\/>\n\n\n\n<h5 class=\"wp-block-heading\"><strong>Samstag, 9. Mai 2026, 19 Uhr<br>Ulrike Sabine Maier und Britta R\u00f6der: Lesung \u201eFrauenfiguren in der Literatur\u201c<\/strong><\/h5>\n\n\n\n<p><a href=\"#Frauenfiguren\">mehr dazu<\/a><\/p>\n\n\n\n<hr class=\"wp-block-separator has-alpha-channel-opacity has-luminous-vivid-orange-to-vivid-red-gradient-background has-background is-style-wide\"\/>\n\n\n\n<p>Die Termine der weiteren Veranstaltungen konnten noch nicht festgelegt werden.<\/p>\n\n\n\n<hr class=\"wp-block-separator has-alpha-channel-opacity has-luminous-vivid-orange-to-vivid-red-gradient-background has-background is-style-wide\"\/>\n\n\n\n<h3 class=\"wp-block-heading\">Informationen zu den einzelnen Veranstaltungen<\/h3>\n\n\n\n<hr class=\"wp-block-separator has-alpha-channel-opacity has-luminous-vivid-orange-to-vivid-red-gradient-background has-background is-style-wide\"\/>\n\n\n\n<p id=\"Frauenfiguren\"><strong>Samstag, 9. Mai 2026, 19 Uhr. Lesung von Ulrike Sabine Maier und Britta R\u00f6der: \u201eFrauenfiguren in der Literatur. M\u00dcTTER, T\u00d6CHTER, LIEBENDE \u2013 Zwei Autorinnen begehen Stilbruch\u201c.<\/strong><\/p>\n\n\n\n<figure class=\"wp-block-image size-large\"><img loading=\"lazy\" decoding=\"async\" width=\"732\" height=\"1024\" src=\"https:\/\/foerderverein-marienbasilika-wilhelmshausen.de\/wp-content\/uploads\/2026\/04\/20260509_2-Poster-Lesung-Foerderverein-Marienbasilika-Frauen-in-der-Literatur-732x1024.jpg\" alt=\"\" class=\"wp-image-1270\" srcset=\"https:\/\/foerderverein-marienbasilika-wilhelmshausen.de\/wp-content\/uploads\/2026\/04\/20260509_2-Poster-Lesung-Foerderverein-Marienbasilika-Frauen-in-der-Literatur-732x1024.jpg 732w, https:\/\/foerderverein-marienbasilika-wilhelmshausen.de\/wp-content\/uploads\/2026\/04\/20260509_2-Poster-Lesung-Foerderverein-Marienbasilika-Frauen-in-der-Literatur-214x300.jpg 214w, https:\/\/foerderverein-marienbasilika-wilhelmshausen.de\/wp-content\/uploads\/2026\/04\/20260509_2-Poster-Lesung-Foerderverein-Marienbasilika-Frauen-in-der-Literatur-768x1074.jpg 768w, https:\/\/foerderverein-marienbasilika-wilhelmshausen.de\/wp-content\/uploads\/2026\/04\/20260509_2-Poster-Lesung-Foerderverein-Marienbasilika-Frauen-in-der-Literatur-1098x1536.jpg 1098w, https:\/\/foerderverein-marienbasilika-wilhelmshausen.de\/wp-content\/uploads\/2026\/04\/20260509_2-Poster-Lesung-Foerderverein-Marienbasilika-Frauen-in-der-Literatur-1464x2048.jpg 1464w, https:\/\/foerderverein-marienbasilika-wilhelmshausen.de\/wp-content\/uploads\/2026\/04\/20260509_2-Poster-Lesung-Foerderverein-Marienbasilika-Frauen-in-der-Literatur-scaled.jpg 1830w\" sizes=\"auto, (max-width: 732px) 100vw, 732px\" \/><\/figure>\n\n\n\n<figure class=\"wp-block-image size-large\"><img loading=\"lazy\" decoding=\"async\" width=\"732\" height=\"1024\" src=\"https:\/\/foerderverein-marienbasilika-wilhelmshausen.de\/wp-content\/uploads\/2026\/04\/Poster-Lesung-Foerderverein-Marienbasilika-Zusatzseite2-732x1024.jpg\" alt=\"\" class=\"wp-image-1265\" srcset=\"https:\/\/foerderverein-marienbasilika-wilhelmshausen.de\/wp-content\/uploads\/2026\/04\/Poster-Lesung-Foerderverein-Marienbasilika-Zusatzseite2-732x1024.jpg 732w, https:\/\/foerderverein-marienbasilika-wilhelmshausen.de\/wp-content\/uploads\/2026\/04\/Poster-Lesung-Foerderverein-Marienbasilika-Zusatzseite2-214x300.jpg 214w, https:\/\/foerderverein-marienbasilika-wilhelmshausen.de\/wp-content\/uploads\/2026\/04\/Poster-Lesung-Foerderverein-Marienbasilika-Zusatzseite2-768x1074.jpg 768w, https:\/\/foerderverein-marienbasilika-wilhelmshausen.de\/wp-content\/uploads\/2026\/04\/Poster-Lesung-Foerderverein-Marienbasilika-Zusatzseite2-1098x1536.jpg 1098w, https:\/\/foerderverein-marienbasilika-wilhelmshausen.de\/wp-content\/uploads\/2026\/04\/Poster-Lesung-Foerderverein-Marienbasilika-Zusatzseite2-1464x2048.jpg 1464w, https:\/\/foerderverein-marienbasilika-wilhelmshausen.de\/wp-content\/uploads\/2026\/04\/Poster-Lesung-Foerderverein-Marienbasilika-Zusatzseite2-scaled.jpg 1830w\" sizes=\"auto, (max-width: 732px) 100vw, 732px\" \/><\/figure>\n\n\n\n<p><strong>Ank\u00fcndigungen<\/strong> <strong>und Berichte<\/strong><\/p>\n\n\n\n<div class=\"wp-block-media-text is-stacked-on-mobile\" style=\"grid-template-columns:15% auto\"><figure class=\"wp-block-media-text__media\"><img loading=\"lazy\" decoding=\"async\" width=\"108\" height=\"48\" src=\"https:\/\/foerderverein-marienbasilika-wilhelmshausen.de\/wp-content\/uploads\/2024\/07\/mime5_pdf.png\" alt=\"\" class=\"wp-image-329 size-full\"\/><\/figure><div class=\"wp-block-media-text__content\">\n<ul class=\"wp-block-list\">\n<li><a href=\"https:\/\/foerderverein-marienbasilika-wilhelmshausen.de\/wp-content\/uploads\/2026\/04\/20260509_Poster-Lesung-Foerderverein-Marienbasilika-Frauen-in-der-Literatur-1.pdf\" target=\"_blank\" rel=\"noreferrer noopener\">Plakat<\/a><\/li>\n\n\n\n<li><a href=\"https:\/\/foerderverein-marienbasilika-wilhelmshausen.de\/wp-content\/uploads\/2026\/04\/20260509_Poster-Lesung-Foerderverein-Marienbasilika-Zusatzseite-1.pdf\" target=\"_blank\" rel=\"noreferrer noopener\">Zusatzinformation zum Plakat<\/a><\/li>\n\n\n\n<li><a href=\"https:\/\/foerderverein-marienbasilika-wilhelmshausen.de\/wp-content\/uploads\/2026\/04\/20260424_fuldatal.aktuell.Nr_.17.S.89211_Ankuendigung.Lesung_9.5.26.pdf\" target=\"_blank\" rel=\"noreferrer noopener\">\u201efuldatal aktuell\u201c Nr. 17 vom 23.4.2026: Ank\u00fcndigung<\/a><\/li>\n<\/ul>\n<\/div><\/div>\n\n\n\n<hr class=\"wp-block-separator has-alpha-channel-opacity has-luminous-vivid-orange-to-vivid-red-gradient-background has-background is-style-wide\"\/>\n\n\n\n<h5 class=\"wp-block-heading\" id=\"dode\"><strong>Sonntag, 15. M\u00e4rz 2026, 17:00 Uhr<br>Vokalensemble \u201edodecanta\u201c: \u201ebeziehungsweise(n)\u201c<\/strong><\/h5>\n\n\n\n<figure class=\"wp-block-image size-large\"><img loading=\"lazy\" decoding=\"async\" width=\"662\" height=\"1024\" src=\"https:\/\/foerderverein-marienbasilika-wilhelmshausen.de\/wp-content\/uploads\/2026\/04\/20260218-2.dodecanta.Seeger_Plakat.Beziehungsweisen_mit.FMW-Aufkleber_IMG-20260218-WA0006-662x1024.jpg\" alt=\"\" class=\"wp-image-1271\" srcset=\"https:\/\/foerderverein-marienbasilika-wilhelmshausen.de\/wp-content\/uploads\/2026\/04\/20260218-2.dodecanta.Seeger_Plakat.Beziehungsweisen_mit.FMW-Aufkleber_IMG-20260218-WA0006-662x1024.jpg 662w, https:\/\/foerderverein-marienbasilika-wilhelmshausen.de\/wp-content\/uploads\/2026\/04\/20260218-2.dodecanta.Seeger_Plakat.Beziehungsweisen_mit.FMW-Aufkleber_IMG-20260218-WA0006-194x300.jpg 194w, https:\/\/foerderverein-marienbasilika-wilhelmshausen.de\/wp-content\/uploads\/2026\/04\/20260218-2.dodecanta.Seeger_Plakat.Beziehungsweisen_mit.FMW-Aufkleber_IMG-20260218-WA0006-768x1188.jpg 768w, https:\/\/foerderverein-marienbasilika-wilhelmshausen.de\/wp-content\/uploads\/2026\/04\/20260218-2.dodecanta.Seeger_Plakat.Beziehungsweisen_mit.FMW-Aufkleber_IMG-20260218-WA0006-993x1536.jpg 993w, https:\/\/foerderverein-marienbasilika-wilhelmshausen.de\/wp-content\/uploads\/2026\/04\/20260218-2.dodecanta.Seeger_Plakat.Beziehungsweisen_mit.FMW-Aufkleber_IMG-20260218-WA0006.jpg 1233w\" sizes=\"auto, (max-width: 662px) 100vw, 662px\" \/><\/figure>\n\n\n\n<figure class=\"wp-block-image size-large\"><img loading=\"lazy\" decoding=\"async\" width=\"1024\" height=\"565\" src=\"https:\/\/foerderverein-marienbasilika-wilhelmshausen.de\/wp-content\/uploads\/2026\/04\/Foto-Dodecanta2-1024x565.jpg\" alt=\"\" class=\"wp-image-1273\" srcset=\"https:\/\/foerderverein-marienbasilika-wilhelmshausen.de\/wp-content\/uploads\/2026\/04\/Foto-Dodecanta2-1024x565.jpg 1024w, https:\/\/foerderverein-marienbasilika-wilhelmshausen.de\/wp-content\/uploads\/2026\/04\/Foto-Dodecanta2-300x166.jpg 300w, https:\/\/foerderverein-marienbasilika-wilhelmshausen.de\/wp-content\/uploads\/2026\/04\/Foto-Dodecanta2-768x424.jpg 768w, https:\/\/foerderverein-marienbasilika-wilhelmshausen.de\/wp-content\/uploads\/2026\/04\/Foto-Dodecanta2-1536x847.jpg 1536w, https:\/\/foerderverein-marienbasilika-wilhelmshausen.de\/wp-content\/uploads\/2026\/04\/Foto-Dodecanta2-2048x1130.jpg 2048w\" sizes=\"auto, (max-width: 1024px) 100vw, 1024px\" \/><\/figure>\n\n\n\n<p><em>\u201edodecanta\u201c am 15.3.2026 in der Marienbasilika (FOTO: B.Graubner)<\/em><\/p>\n\n\n\n<p><strong>Das Vokalensemble \u201edodecanta\u201c mit seinem neuen Programm \u201ebeziehungsweise(n)\u201c<\/strong><\/p>\n\n\n\n<p class=\"has-text-align-left\">Im neuen Programm von \u201edodecanta\u201c dreht sich alles um Beziehungen. Zu Partnern, zu Eltern, zur Natur, zum Glauben \u2026 Von inniger Zweisamkeit \u00fcber gepflegte Gleichg\u00fcltigkeit bis hin zum dramatischen Schlussakkord einer Trennung wird die ganze emotionale Klaviatur durchgespielt.<\/p>\n\n\n\n<p class=\"has-text-align-left\">Nat\u00fcrlich treten auch die zw\u00f6lf S\u00e4ngerinnen und S\u00e4nger um Martje Grandis in vielf\u00e4ltige Beziehungen zueinander, immer differenziert und nuanciert, niemals eint\u00f6nig und nicht unbedingt harmonies\u00fcchtig. Einschl\u00e4gige Popsongs, eigene Kompositionen und Arrangements, sowie Klassiker von Heinrich Sch\u00fctz und Hans Leo Hassler machen den \u00bbgewohnt l\u00e4ssigen Mix\u00ab aus, mit dem sich \u201edodecanta\u201c seit 15 Jahren einen Namen in der Region gemacht hat.<\/p>\n\n\n\n<p>Das Programm tr\u00e4gt den charmanten Titel \u201ebeziehungsweise(n)\u201c \u2013 und was da auf der B\u00fchne passiert, ist weniger klassisches Konzert als musikalisches Beziehungsgespr\u00e4ch mit offenem Ende. Ob als Musiktherapie oder Date-Night: Ein Besuch lohnt sich!<\/p>\n\n\n\n<p><em>(Quelle: Pressetext von \u201edodecanta\u201c)<\/em><\/p>\n\n\n\n<p><strong>Ank\u00fcndigungen<\/strong> <strong>und Berichte<\/strong><\/p>\n\n\n\n<div class=\"wp-block-media-text is-stacked-on-mobile\" style=\"grid-template-columns:15% auto\"><figure class=\"wp-block-media-text__media\"><img loading=\"lazy\" decoding=\"async\" width=\"108\" height=\"48\" src=\"https:\/\/foerderverein-marienbasilika-wilhelmshausen.de\/wp-content\/uploads\/2024\/07\/mime5_pdf.png\" alt=\"\" class=\"wp-image-329 size-full\"\/><\/figure><div class=\"wp-block-media-text__content\">\n<ul class=\"wp-block-list\">\n<li><a href=\"https:\/\/foerderverein-marienbasilika-wilhelmshausen.de\/wp-content\/uploads\/2026\/04\/20260218.dodecanta.Seeger_Plakat.Beziehungsweisen_mit.FMW-Aufkleber_IMG-20260218-WA0006.pdf\" target=\"_blank\" rel=\"noreferrer noopener\">Plakat<\/a><\/li>\n\n\n\n<li><a href=\"https:\/\/foerderverein-marienbasilika-wilhelmshausen.de\/wp-content\/uploads\/2026\/04\/20260131.Seeger.dodecanta_Flyer-Beziehungsweisen-II_15.3.26.jpg\" target=\"_blank\" rel=\"noreferrer noopener\">Flyer<\/a><\/li>\n\n\n\n<li><a href=\"https:\/\/foerderverein-marienbasilika-wilhelmshausen.de\/wp-content\/uploads\/2026\/04\/20260301-2.GemeindeLeben.Fruehjahr2026_S.3027316-912_FMW-Ankuend.dodecantaStiftungGD.kompr_.pdf\" target=\"_blank\" rel=\"noreferrer noopener\">\u201eGemeindeLeben\u201c Fr\u00fchjahr 2026 vom 1.3.2026: Ank\u00fcndigung<\/a><\/li>\n\n\n\n<li><a href=\"https:\/\/foerderverein-marienbasilika-wilhelmshausen.de\/wp-content\/uploads\/2026\/04\/20260305_fuldatal.aktuell.Nr_.10.S.17281_Ankuendigung.dodecanta_15.3.26.pdf\" target=\"_blank\" rel=\"noreferrer noopener\">\u201efuldatal aktuell\u201c Nr. 10 vom 5.3.2026: Ank\u00fcndigung<\/a><\/li>\n\n\n\n<li><a href=\"https:\/\/foerderverein-marienbasilika-wilhelmshausen.de\/wp-content\/uploads\/2026\/04\/20260314.ExtraTip-Kassel.Nr_.11S.9_Ankuendigung.dodecanta_20260320103227404.pdf\" target=\"_blank\" rel=\"noreferrer noopener\">ExtraTip Kassel Nr. 11 vom 14.3.2026: Konzertkritik + Ank\u00fcndigungen<\/a><\/li>\n\n\n\n<li><a href=\"https:\/\/foerderverein-marienbasilika-wilhelmshausen.de\/wp-content\/uploads\/2026\/04\/2026.Maerz_.HNA_Konzertankuendigung.pdf\" target=\"_blank\" rel=\"noreferrer noopener\">HNA Kassel, Anfang M\u00e4rz: Konzertank\u00fcndigungen<\/a><\/li>\n\n\n\n<li><a href=\"https:\/\/foerderverein-marienbasilika-wilhelmshausen.de\/wp-content\/uploads\/2026\/04\/2026.Maerz_.HNA_Konzertkritik-beziehungsweisen.pdf\" target=\"_blank\" rel=\"noreferrer noopener\">HNA Kassel, Anfang M\u00e4rz: Konzertkritik (Premiere in Harleshausen)<\/a><\/li>\n\n\n\n<li><a href=\"https:\/\/foerderverein-marienbasilika-wilhelmshausen.de\/wp-content\/uploads\/2026\/04\/20260315.Dodecanta-Programmheft-1-26.pdf\" target=\"_blank\" rel=\"noreferrer noopener\">Programmheft<\/a><\/li>\n\n\n\n<li><a href=\"https:\/\/foerderverein-marienbasilika-wilhelmshausen.de\/wp-content\/uploads\/2026\/04\/20260326_fuldatal.aktuell.Nr_.13.S.321_Bericht.dodecanta.pdf\" target=\"_blank\" rel=\"noreferrer noopener\">\u201efuldatal aktuell\u201c Nr. 13 vom 26.3.2026: Bericht<\/a><\/li>\n<\/ul>\n<\/div><\/div>\n\n\n\n<hr class=\"wp-block-separator has-alpha-channel-opacity has-luminous-vivid-orange-to-vivid-red-gradient-background has-background is-style-wide\"\/>\n\n\n\n<p><\/p>\n\n\n\n<h4 class=\"wp-block-heading\">Gottesdienste<\/h4>\n\n\n\n<p>Siehe Homepage der Kirchengemeinden Holzhausen, Wilhelmshausen und Knickhagen:&nbsp;<br><a href=\"https:\/\/www.kirche-holzhausen.de\/\" target=\"_blank\" rel=\"noreferrer noopener\">https:\/\/www.kirche-holzhausen.de\/<\/a><\/p>\n<\/div><\/div>\n\n\n\n<div class=\"wp-block-group is-vertical is-layout-flex wp-container-core-group-is-layout-8cf370e7 wp-block-group-is-layout-flex\">\n<p class=\"has-text-align-center\"><\/p>\n<\/div>\n\n\n\n<hr class=\"wp-block-separator has-alpha-channel-opacity has-luminous-vivid-orange-to-vivid-red-gradient-background has-background is-style-wide\"\/>\n\n\n\n<h6 class=\"wp-block-heading\"><strong>Spenden zur Unterst\u00fctzung unserer Arbeit erbitten wir auf eins unserer beiden Konten. Gern stellen wir Ihnen Spendenbescheinigungen aus.<\/strong><\/h6>\n\n\n\n<ul class=\"wp-block-list\">\n<li>Sparkasse G\u00f6ttingen: IBAN DE45&nbsp;2605&nbsp;0001&nbsp;0000&nbsp;0025&nbsp;68<\/li>\n\n\n\n<li>Kasseler Sparkasse: IBAN DE40&nbsp;5205&nbsp;0353&nbsp;0001&nbsp;1962 98<\/li>\n<\/ul>\n\n\n\n<p><\/p>\n","protected":false},"excerpt":{"rendered":"<p>Wir als F\u00f6rderverein Marienbasilika Wilhelmshausen (FMW) veranstalten Konzerte und F\u00fchrungen in der 1150 erbauten ehemaligen Klosterkirche. Das jetzige Kirchengeb\u00e4ude ist das Ergebnis der umfassenden und stilgerechten Wiederherstellung nach dem Brand von 1891. Die letzte grundlegende Renovierung fand 2002 bis 2007 <a class=\"more-link\" href=\"https:\/\/foerderverein-marienbasilika-wilhelmshausen.de\/\">weiterlesen&#8230;<\/a><\/p>\n","protected":false},"author":1,"featured_media":12,"parent":0,"menu_order":0,"comment_status":"closed","ping_status":"closed","template":"","meta":{"pgc_sgb_lightbox_settings":"","footnotes":""},"class_list":["post-100","page","type-page","status-publish","has-post-thumbnail","hentry"],"_links":{"self":[{"href":"https:\/\/foerderverein-marienbasilika-wilhelmshausen.de\/index.php?rest_route=\/wp\/v2\/pages\/100","targetHints":{"allow":["GET"]}}],"collection":[{"href":"https:\/\/foerderverein-marienbasilika-wilhelmshausen.de\/index.php?rest_route=\/wp\/v2\/pages"}],"about":[{"href":"https:\/\/foerderverein-marienbasilika-wilhelmshausen.de\/index.php?rest_route=\/wp\/v2\/types\/page"}],"author":[{"embeddable":true,"href":"https:\/\/foerderverein-marienbasilika-wilhelmshausen.de\/index.php?rest_route=\/wp\/v2\/users\/1"}],"replies":[{"embeddable":true,"href":"https:\/\/foerderverein-marienbasilika-wilhelmshausen.de\/index.php?rest_route=%2Fwp%2Fv2%2Fcomments&post=100"}],"version-history":[{"count":215,"href":"https:\/\/foerderverein-marienbasilika-wilhelmshausen.de\/index.php?rest_route=\/wp\/v2\/pages\/100\/revisions"}],"predecessor-version":[{"id":1276,"href":"https:\/\/foerderverein-marienbasilika-wilhelmshausen.de\/index.php?rest_route=\/wp\/v2\/pages\/100\/revisions\/1276"}],"wp:featuredmedia":[{"embeddable":true,"href":"https:\/\/foerderverein-marienbasilika-wilhelmshausen.de\/index.php?rest_route=\/wp\/v2\/media\/12"}],"wp:attachment":[{"href":"https:\/\/foerderverein-marienbasilika-wilhelmshausen.de\/index.php?rest_route=%2Fwp%2Fv2%2Fmedia&parent=100"}],"curies":[{"name":"wp","href":"https:\/\/api.w.org\/{rel}","templated":true}]}}